{"id":7680,"date":"2018-06-08T08:41:58","date_gmt":"2018-06-08T04:41:58","guid":{"rendered":"https:\/\/tiqs.wpengine.com\/?page_id=7680"},"modified":"2023-12-28T20:21:28","modified_gmt":"2023-12-28T16:21:28","slug":"contato","status":"publish","type":"page","link":"https:\/\/www.tiqs.com.br\/en\/contato\/","title":{"rendered":"CONTACT US"},"content":{"rendered":"<section data-vc-full-width=\"true\" data-vc-full-width-init=\"false\" class=\"vc_section vc_custom_1619488306127 vc_section-has-fill\"><div class=\"vc_row wpb_row vc_row-fluid vc_custom_1619487857859\"><div class=\"wpb_column vc_column_container vc_col-sm-12\"><div class=\"vc_column-inner\"><div class=\"wpb_wrapper\"><div class=\"vc_row wpb_row vc_inner vc_row-fluid\"><div class=\"wpb_column vc_column_container vc_col-sm-12\"><div class=\"vc_column-inner\"><div class=\"wpb_wrapper\">\n\t<div  class=\"wpb_single_image wpb_content_element vc_align_center  vc_custom_1620254697960\">\n\t\t\n\t\t<figure class=\"wpb_wrapper vc_figure\">\n\t\t\t<div class=\"vc_single_image-wrapper vc_box_circle  vc_box_border_grey\"><img loading=\"lazy\" decoding=\"async\" width=\"150\" height=\"150\" src=\"https:\/\/www.tiqs.com.br\/wp-content\/uploads\/2021\/05\/rj-150x150.png\" class=\"vc_single_image-img attachment-thumbnail\" alt=\"\" srcset=\"https:\/\/www.tiqs.com.br\/wp-content\/uploads\/2021\/05\/rj-150x150.png 150w, https:\/\/www.tiqs.com.br\/wp-content\/uploads\/2021\/05\/rj-300x300.png 300w, https:\/\/www.tiqs.com.br\/wp-content\/uploads\/2021\/05\/rj-100x100.png 100w\" sizes=\"(max-width: 150px) 100vw, 150px\" \/><\/div>\n\t\t<\/figure>\n\t<\/div>\n<p style=\"font-size: 20px;color: #abd405;line-height: 40px;text-align: center;font-family:Krona One;font-weight:400;font-style:normal\" class=\"vc_custom_heading font-weight-medium vc_custom_1619486422601\" >RIO DE JANEIRO<\/p><div class=\"radiantthemes-iconbox element-one  rt1733908596\"  data-border-radius=\"square\"><div class=\"radiantthemes-iconbox-holder   vc_custom_1619487690929\"><i class=\"icofont icofont-location-pin\"><\/i> <\/div><\/div><p style=\"font-size: 15px;color: #dedede;line-height: 24px;text-align: center\" class=\"vc_custom_heading font-weight-medium vc_custom_1703776602614\" >Rua Visconde de Inha\u00fama 134 - sala 2001, parte - Centro \u2013 Rio de Janeiro | RJ<\/p><div class=\"radiantthemes-iconbox element-one  rt1490809878\"  data-border-radius=\"square\"><div class=\"radiantthemes-iconbox-holder   vc_custom_1619487700084\"><i class=\"icofont icofont-phone\"><\/i> <\/div><\/div><p style=\"font-size: 15px;color: #dedede;line-height: 24px;text-align: center\" class=\"vc_custom_heading font-weight-medium vc_custom_1673038673133\" >+55 21 2218-3299<\/p><\/div><\/div><\/div><\/div><div class=\"radiantthemes-iconbox element-one  rt198221815\"  data-border-radius=\"square\"><div class=\"radiantthemes-iconbox-holder\"><i class=\"icofont icofont-envelope\"><\/i> <\/div><\/div><p style=\"font-size: 15px;color: #dedede;line-height: 24px;text-align: center\" class=\"vc_custom_heading font-weight-medium vc_custom_1619486219862\" >comercial@tiqs.com.br<\/p><div class=\"vc_row wpb_row vc_inner vc_row-fluid\"><div class=\"wpb_column vc_column_container vc_col-sm-12\"><div class=\"vc_column-inner\"><div class=\"wpb_wrapper\">\n\t<div  class=\"wpb_single_image wpb_content_element vc_align_center  vc_custom_1620254720112\">\n\t\t\n\t\t<figure class=\"wpb_wrapper vc_figure\">\n\t\t\t<div class=\"vc_single_image-wrapper vc_box_circle  vc_box_border_grey\"><img loading=\"lazy\" decoding=\"async\" width=\"150\" height=\"150\" src=\"https:\/\/www.tiqs.com.br\/wp-content\/uploads\/2021\/05\/s-150x150.png\" class=\"vc_single_image-img attachment-thumbnail\" alt=\"\" srcset=\"https:\/\/www.tiqs.com.br\/wp-content\/uploads\/2021\/05\/s-150x150.png 150w, https:\/\/www.tiqs.com.br\/wp-content\/uploads\/2021\/05\/s-300x300.png 300w, https:\/\/www.tiqs.com.br\/wp-content\/uploads\/2021\/05\/s-100x100.png 100w\" sizes=\"(max-width: 150px) 100vw, 150px\" \/><\/div>\n\t\t<\/figure>\n\t<\/div>\n<p style=\"font-size: 20px;color: #abd405;line-height: 40px;text-align: center;font-family:Krona One;font-weight:400;font-style:normal\" class=\"vc_custom_heading font-weight-medium vc_custom_1619486637589\" >S\u00c3O PAULO<\/p><div class=\"radiantthemes-iconbox element-one  rt698865026\"  data-border-radius=\"square\"><div class=\"radiantthemes-iconbox-holder   vc_custom_1619487721108\"><i class=\"icofont icofont-location-pin\"><\/i> <\/div><\/div><p style=\"font-size: 15px;color: #dedede;line-height: 24px;text-align: center\" class=\"vc_custom_heading font-weight-medium vc_custom_1695288938894\" >Doutor Chucri Zaidan Avenue, 296, 23th floor;<br \/>\nVila Cordeiro \u2013 S\u00e3o Paulo | SP<\/p><div class=\"radiantthemes-iconbox element-one  rt1874025590\"  data-border-radius=\"square\"><div class=\"radiantthemes-iconbox-holder   vc_custom_1619487700084\"><i class=\"icofont icofont-phone\"><\/i> <\/div><\/div><p style=\"font-size: 15px;color: #dedede;line-height: 24px;text-align: center\" class=\"vc_custom_heading font-weight-medium vc_custom_1695215356602\" >+55 11 3376-6316<\/p><div class=\"radiantthemes-iconbox element-one  rt676307878\"  data-border-radius=\"square\"><div class=\"radiantthemes-iconbox-holder\"><i class=\"icofont icofont-envelope\"><\/i> <\/div><\/div><p style=\"font-size: 15px;color: #dedede;line-height: 24px;text-align: center\" class=\"vc_custom_heading font-weight-medium vc_custom_1619486219862\" >comercial@tiqs.com.br<\/p><\/div><\/div><\/div><\/div><div class=\"vc_row wpb_row vc_inner vc_row-fluid\"><div class=\"wpb_column vc_column_container vc_col-sm-4\"><div class=\"vc_column-inner\"><div class=\"wpb_wrapper\"><\/div><\/div><\/div><\/div><\/div><\/div><\/div><\/div><div data-vc-full-width=\"true\" data-vc-full-width-init=\"false\" class=\"vc_row wpb_row vc_row-fluid vc_custom_1619485395935 vc_row-has-fill vc_row-o-equal-height vc_row-flex\"><div class=\"wpb_column vc_column_container vc_col-sm-2\"><div class=\"vc_column-inner vc_custom_1519735313463\"><div class=\"wpb_wrapper\">\n\t<div  class=\"wpb_single_image wpb_content_element vc_align_left\">\n\t\t\n\t\t<figure class=\"wpb_wrapper vc_figure\">\n\t\t\t<div class=\"vc_single_image-wrapper   vc_box_border_grey\"><img loading=\"lazy\" decoding=\"async\" width=\"568\" height=\"740\" src=\"https:\/\/www.tiqs.com.br\/wp-content\/uploads\/2021\/05\/graf2.png\" class=\"vc_single_image-img attachment-full\" alt=\"\" srcset=\"https:\/\/www.tiqs.com.br\/wp-content\/uploads\/2021\/05\/graf2.png 568w, https:\/\/www.tiqs.com.br\/wp-content\/uploads\/2021\/05\/graf2-230x300.png 230w\" sizes=\"(max-width: 568px) 100vw, 568px\" \/><\/div>\n\t\t<\/figure>\n\t<\/div>\n<\/div><\/div><\/div><div class=\"wpb_column vc_column_container vc_col-sm-8\"><div class=\"vc_column-inner vc_custom_1519733264007\"><div class=\"wpb_wrapper\"><h2 style=\"font-size: 20px;color: #949599;line-height: 30px;text-align: center;font-family:Roboto Condensed;font-weight:400;font-style:normal\" class=\"vc_custom_heading vc_custom_1620260248672\" >CONTACT FORM<\/h2><h3 style=\"font-size: 25px;color: #556df4;line-height: 35px;text-align: center;font-family:Krona One;font-weight:400;font-style:normal\" class=\"vc_custom_heading vc_custom_1620260256931\" >SCHEDULE A MEETING<\/h3>\n\t<div class=\"wpb_text_column wpb_content_element  vc_custom_1619481573692\" >\n\t\t<div class=\"wpb_wrapper\">\n\t\t\t<p>Send a message and submit propositions, doubts or improving suggestions, we will be glad to help you. We won't keep you waiting!<\/p>\n\n\t\t<\/div>\n\t<\/div>\n<div class=\"vc_row wpb_row vc_inner vc_row-fluid vc_custom_1519730957211\"><div class=\"wpb_column vc_column_container vc_col-sm-12\"><div class=\"vc_column-inner\"><div class=\"wpb_wrapper\">\r<!-- rt-cf7 -->\r<div class=\"radiant-contact-form rt2e06750e454f010 element-one\"  ><div role=\"form\" class=\"wpcf7\" id=\"wpcf7-f7280-o1\" lang=\"en-US\" dir=\"ltr\">\n<div class=\"screen-reader-response\"><p role=\"status\" aria-live=\"polite\" aria-atomic=\"true\"><\/p> <ul><\/ul><\/div>\n<form action=\"\/wp-json\/wp\/v2\/pages\/7680\" method=\"post\" class=\"wpcf7-form init\" novalidate=\"novalidate\" data-status=\"init\" data-trp-original-action=\"\/en\/wp-json\/wp\/v2\/pages\/7680#wpcf7-f7280-o1\">\n<div style=\"display: none;\">\n<input type=\"hidden\" name=\"_wpcf7\" value=\"7280\" \/>\n<input type=\"hidden\" name=\"_wpcf7_version\" value=\"5.6.3\" \/>\n<input type=\"hidden\" name=\"_wpcf7_locale\" value=\"en_US\" \/>\n<input type=\"hidden\" name=\"_wpcf7_unit_tag\" value=\"wpcf7-f7280-o1\" \/>\n<input type=\"hidden\" name=\"_wpcf7_container_post\" value=\"0\" \/>\n<input type=\"hidden\" name=\"_wpcf7_posted_data_hash\" value=\"\" \/>\n<\/div>\n<div class=\"row\">\n<div class=\"col-lg-6 col-md-6 col-sm-12 col-xs-12\">\n<div class=\"form-row\">\n<span class=\"wpcf7-form-control-wrap\" data-name=\"Name\"><input type=\"text\" name=\"Name\" value=\"\" size=\"40\" class=\"wpcf7-form-control wpcf7-text wpcf7-validates-as-required\" aria-required=\"true\" aria-invalid=\"false\" placeholder=\"Name\" \/><\/span>\n<\/div>\n<\/div>\n<div class=\"col-lg-6 col-md-6 col-sm-12 col-xs-12\">\n<div class=\"form-row\">\n<span class=\"wpcf7-form-control-wrap\" data-name=\"email\"><input type=\"email\" name=\"email\" value=\"\" size=\"40\" class=\"wpcf7-form-control wpcf7-text wpcf7-email wpcf7-validates-as-required wpcf7-validates-as-email\" aria-required=\"true\" aria-invalid=\"false\" placeholder=\"Email\" \/><\/span>\n<\/div>\n<\/div>\n<div class=\"col-lg-6 col-md-6 col-sm-12 col-xs-12\">\n<div class=\"form-row\">\n<span class=\"wpcf7-form-control-wrap\" data-name=\"YourPhone\"><input type=\"tel\" name=\"YourPhone\" value=\"\" size=\"40\" class=\"wpcf7-form-control wpcf7-text wpcf7-tel wpcf7-validates-as-tel\" aria-invalid=\"false\" placeholder=\"Phone number\" \/><\/span>\n<\/div>\n<\/div>\n<div class=\"col-lg-6 col-md-6 col-sm-12 col-xs-12\">\n<div class=\"form-row\">\n<span class=\"wpcf7-form-control-wrap\" data-name=\"subject\"><input type=\"text\" name=\"subject\" value=\"\" size=\"40\" class=\"wpcf7-form-control wpcf7-text\" aria-invalid=\"false\" placeholder=\"Company\" \/><\/span>\n<\/div>\n<\/div>\n<div class=\"col-lg-6 col-md-6 col-sm-12 col-xs-12\">\nPosition<\/p>\n<div class=\"form-row\">\n<span class=\"wpcf7-form-control-wrap\" data-name=\"Cargo\"><select name=\"Cargo\" class=\"wpcf7-form-control wpcf7-select wpcf7-validates-as-required\" aria-required=\"true\" aria-invalid=\"false\"><option value=\"\">---<\/option><option value=\"CEO\/S\u00f3cio\">CEO\/Shareholder<\/option><option value=\"Diretor\">Director<\/option><option value=\"Gerente Administrativo\">Business Manager<\/option><option value=\"Gerente de TI\">IT Manager<\/option><option value=\"Analista de TI\">IT Analyst<\/option><option value=\"T\u00e9cnico de TI\">IT Technician<\/option><option value=\"Estagi\u00e1rio de TI\">IT Intern<\/option><\/select><\/span>\n<\/div>\n<\/div>\n<div class=\"col-lg-6 col-md-6 col-sm-12 col-xs-12\">\nInterest<\/p>\n<div class=\"form-row\">\n<span class=\"wpcf7-form-control-wrap\" data-name=\"Interesse\"><select name=\"Interesse\" class=\"wpcf7-form-control wpcf7-select wpcf7-validates-as-required\" aria-required=\"true\" aria-invalid=\"false\"><option value=\"\">---<\/option><option value=\"ERP\">ERP<\/option><option value=\"Cybersecurity\">Cybersecurity<\/option><option value=\"Analytics\">Analytics<\/option><option value=\"Automa\u00e7\u00e3o\">Automation<\/option><option value=\"Solu\u00e7\u00f5es Especialistas\">Customized Solutions<\/option><\/select><\/span>\n<\/div>\n<\/div>\n<div class=\"col-lg-12 col-md-12 col-sm-12 col-xs-12\">\n<div class=\"form-row\">\n<span class=\"wpcf7-form-control-wrap\" data-name=\"message\"><textarea name=\"message\" cols=\"40\" rows=\"10\" class=\"wpcf7-form-control wpcf7-textarea\" aria-invalid=\"false\" placeholder=\"Message\"><\/textarea><\/span>\n<\/div>\n<\/div>\n<div class=\"col-lg-12 col-md-12 col-sm-12 col-xs-12\">\n<div class=\"form-row last text-center\">\n<input type=\"submit\" value=\"TALK TO TIQS\" class=\"wpcf7-form-control has-spinner wpcf7-submit custom-btn-submit2\" \/>\n<\/div>\n<\/div>\n<\/div>\n<div class=\"wpcf7-response-output\" aria-hidden=\"true\"><\/div><input type=\"hidden\" name=\"trp-form-language\" value=\"en\"\/><\/form><\/div><div class=\"clearfix\"><\/div><\/div><!-- rt-cf7 -->\r<\/div><\/div><\/div><\/div><\/div><\/div><\/div><div class=\"wpb_column vc_column_container vc_col-sm-2\"><div class=\"vc_column-inner\"><div class=\"wpb_wrapper\">\n\t<div  class=\"wpb_single_image wpb_content_element vc_align_left\">\n\t\t\n\t\t<figure class=\"wpb_wrapper vc_figure\">\n\t\t\t<div class=\"vc_single_image-wrapper   vc_box_border_grey\"><img loading=\"lazy\" decoding=\"async\" width=\"568\" height=\"740\" src=\"https:\/\/www.tiqs.com.br\/wp-content\/uploads\/2021\/05\/graf1.png\" class=\"vc_single_image-img attachment-full\" alt=\"\" srcset=\"https:\/\/www.tiqs.com.br\/wp-content\/uploads\/2021\/05\/graf1.png 568w, https:\/\/www.tiqs.com.br\/wp-content\/uploads\/2021\/05\/graf1-230x300.png 230w\" sizes=\"(max-width: 568px) 100vw, 568px\" \/><\/div>\n\t\t<\/figure>\n\t<\/div>\n<\/div><\/div><\/div><\/div><div class=\"vc_row-full-width vc_clearfix\"><\/div><div data-vc-full-width=\"true\" data-vc-full-width-init=\"false\" data-vc-stretch-content=\"true\" class=\"vc_row wpb_row vc_row-fluid vc_custom_1519735092933 vc_row-no-padding vc_row-o-equal-height vc_row-flex\"><div class=\"wpb_column vc_column_container vc_col-sm-12 vc_col-has-fill\"><div class=\"vc_column-inner vc_custom_1519733353854\"><div class=\"wpb_wrapper\"><\/div><\/div><\/div><\/div><div class=\"vc_row-full-width vc_clearfix\"><\/div><\/section><div class=\"vc_row-full-width vc_clearfix\"><\/div>","protected":false},"excerpt":{"rendered":"RIO DE JANEIRO Rua Visconde de Inha\u00fama 134 - sala 2001, parte - Centro \u2013 Rio de Janeiro | RJ +55 21 2218-3299 comercial@tiqs.com.br S\u00c3O PAULO Avenida Doutor Chucri Zaidan, 296, 23\u00ba andar; Vila Cordeiro \u2013 S\u00e3o Paulo | SP +55 11 3376-6316 comercial@tiqs.com.br FORMUL\u00c1RIO DE CONTATOAGENDE UMA REUNI\u00c3O Envie sua mensagem para propostas, d\u00favidas [...]","protected":false},"author":1,"featured_media":8160,"parent":0,"menu_order":0,"comment_status":"closed","ping_status":"closed","template":"","meta":{"footnotes":""},"class_list":["post-7680","page","type-page","status-publish","has-post-thumbnail","hentry"],"yoast_head":"<!-- This site is optimized with the Yoast SEO plugin v25.6 - https:\/\/yoast.com\/wordpress\/plugins\/seo\/ -->\n<title>Formul\u00e1rio de contato | Agende uma reuni\u00e3o - TIQS<\/title>\n<meta name=\"description\" content=\"Entre em contato com a TIQS! Envie propostas, d\u00favidas, sugest\u00f5es de melhorias e mais! Ficaremos muito felizes em ajud\u00e1-lo. Clique aqui!\" \/>\n<meta name=\"robots\" content=\"index, follow, max-snippet:-1, max-image-preview:large, max-video-preview:-1\" \/>\n<link rel=\"canonical\" href=\"https:\/\/www.tiqs.com.br\/en\/contato\/\" \/>\n<meta property=\"og:locale\" content=\"en_US\" \/>\n<meta property=\"og:type\" content=\"article\" \/>\n<meta property=\"og:title\" content=\"Formul\u00e1rio de contato | Agende uma reuni\u00e3o - TIQS\" \/>\n<meta property=\"og:description\" content=\"Entre em contato com a TIQS! Envie propostas, d\u00favidas, sugest\u00f5es de melhorias e mais! Ficaremos muito felizes em ajud\u00e1-lo. Clique aqui!\" \/>\n<meta property=\"og:url\" content=\"https:\/\/www.tiqs.com.br\/en\/contato\/\" \/>\n<meta property=\"og:site_name\" content=\"TIQS\" \/>\n<meta property=\"article:publisher\" content=\"https:\/\/www.facebook.com\/tiqsconsultoria\/\" \/>\n<meta property=\"article:modified_time\" content=\"2023-12-28T16:21:28+00:00\" \/>\n<meta property=\"og:image\" content=\"https:\/\/www.tiqs.com.br\/wp-content\/uploads\/2021\/05\/contato.png\" \/>\n\t<meta property=\"og:image:width\" content=\"1837\" \/>\n\t<meta property=\"og:image:height\" content=\"1077\" \/>\n\t<meta property=\"og:image:type\" content=\"image\/png\" \/>\n<meta name=\"twitter:card\" content=\"summary_large_image\" \/>\n<meta name=\"twitter:label1\" content=\"Est. reading time\" \/>\n\t<meta name=\"twitter:data1\" content=\"5 minutes\" \/>\n<script type=\"application\/ld+json\" class=\"yoast-schema-graph\">{\"@context\":\"https:\/\/schema.org\",\"@graph\":[{\"@type\":\"WebPage\",\"@id\":\"https:\/\/www.tiqs.com.br\/contato\/\",\"url\":\"https:\/\/www.tiqs.com.br\/contato\/\",\"name\":\"Formul\u00e1rio de contato | Agende uma reuni\u00e3o - TIQS\",\"isPartOf\":{\"@id\":\"https:\/\/www.tiqs.com.br\/#website\"},\"primaryImageOfPage\":{\"@id\":\"https:\/\/www.tiqs.com.br\/contato\/#primaryimage\"},\"image\":{\"@id\":\"https:\/\/www.tiqs.com.br\/contato\/#primaryimage\"},\"thumbnailUrl\":\"https:\/\/www.tiqs.com.br\/wp-content\/uploads\/2021\/05\/contato.png\",\"datePublished\":\"2018-06-08T04:41:58+00:00\",\"dateModified\":\"2023-12-28T16:21:28+00:00\",\"description\":\"Entre em contato com a TIQS! Envie propostas, d\u00favidas, sugest\u00f5es de melhorias e mais! Ficaremos muito felizes em ajud\u00e1-lo. Clique aqui!\",\"breadcrumb\":{\"@id\":\"https:\/\/www.tiqs.com.br\/contato\/#breadcrumb\"},\"inLanguage\":\"en-US\",\"potentialAction\":[{\"@type\":\"ReadAction\",\"target\":[\"https:\/\/www.tiqs.com.br\/contato\/\"]}]},{\"@type\":\"ImageObject\",\"inLanguage\":\"en-US\",\"@id\":\"https:\/\/www.tiqs.com.br\/contato\/#primaryimage\",\"url\":\"https:\/\/www.tiqs.com.br\/wp-content\/uploads\/2021\/05\/contato.png\",\"contentUrl\":\"https:\/\/www.tiqs.com.br\/wp-content\/uploads\/2021\/05\/contato.png\",\"width\":1837,\"height\":1077},{\"@type\":\"BreadcrumbList\",\"@id\":\"https:\/\/www.tiqs.com.br\/contato\/#breadcrumb\",\"itemListElement\":[{\"@type\":\"ListItem\",\"position\":1,\"name\":\"In\u00edcio\",\"item\":\"https:\/\/www.tiqs.com.br\/\"},{\"@type\":\"ListItem\",\"position\":2,\"name\":\"Contato\"}]},{\"@type\":\"WebSite\",\"@id\":\"https:\/\/www.tiqs.com.br\/#website\",\"url\":\"https:\/\/www.tiqs.com.br\/\",\"name\":\"TIQS | Ciberseguran\u00e7a - Solu\u00e7\u00f5es digitais\",\"description\":\"Inova\u00e7\u00e3o \u00e9 o nosso DNA\",\"publisher\":{\"@id\":\"https:\/\/www.tiqs.com.br\/#organization\"},\"potentialAction\":[{\"@type\":\"SearchAction\",\"target\":{\"@type\":\"EntryPoint\",\"urlTemplate\":\"https:\/\/www.tiqs.com.br\/?s={search_term_string}\"},\"query-input\":{\"@type\":\"PropertyValueSpecification\",\"valueRequired\":true,\"valueName\":\"search_term_string\"}}],\"inLanguage\":\"en-US\"},{\"@type\":\"Organization\",\"@id\":\"https:\/\/www.tiqs.com.br\/#organization\",\"name\":\"TIQS Consultoria em TI\",\"url\":\"https:\/\/www.tiqs.com.br\/\",\"logo\":{\"@type\":\"ImageObject\",\"inLanguage\":\"en-US\",\"@id\":\"https:\/\/www.tiqs.com.br\/#\/schema\/logo\/image\/\",\"url\":\"https:\/\/www.tiqs.com.br\/wp-content\/uploads\/2021\/05\/cropped-logo_tiqs-3.png\",\"contentUrl\":\"https:\/\/www.tiqs.com.br\/wp-content\/uploads\/2021\/05\/cropped-logo_tiqs-3.png\",\"width\":112,\"height\":109,\"caption\":\"TIQS Consultoria em TI\"},\"image\":{\"@id\":\"https:\/\/www.tiqs.com.br\/#\/schema\/logo\/image\/\"},\"sameAs\":[\"https:\/\/www.facebook.com\/tiqsconsultoria\/\",\"https:\/\/br.linkedin.com\/company\/tiqs-consultoria\"]}]}<\/script>\n<!-- \/ Yoast SEO plugin. -->","yoast_head_json":{"title":"Formul\u00e1rio de contato | Agende uma reuni\u00e3o - TIQS","description":"Entre em contato com a TIQS! Envie propostas, d\u00favidas, sugest\u00f5es de melhorias e mais! Ficaremos muito felizes em ajud\u00e1-lo. Clique aqui!","robots":{"index":"index","follow":"follow","max-snippet":"max-snippet:-1","max-image-preview":"max-image-preview:large","max-video-preview":"max-video-preview:-1"},"canonical":"https:\/\/www.tiqs.com.br\/en\/contato\/","og_locale":"en_US","og_type":"article","og_title":"Formul\u00e1rio de contato | Agende uma reuni\u00e3o - TIQS","og_description":"Entre em contato com a TIQS! Envie propostas, d\u00favidas, sugest\u00f5es de melhorias e mais! Ficaremos muito felizes em ajud\u00e1-lo. Clique aqui!","og_url":"https:\/\/www.tiqs.com.br\/en\/contato\/","og_site_name":"TIQS","article_publisher":"https:\/\/www.facebook.com\/tiqsconsultoria\/","article_modified_time":"2023-12-28T16:21:28+00:00","og_image":[{"width":1837,"height":1077,"url":"https:\/\/www.tiqs.com.br\/wp-content\/uploads\/2021\/05\/contato.png","type":"image\/png"}],"twitter_card":"summary_large_image","twitter_misc":{"Est. reading time":"5 minutes"},"schema":{"@context":"https:\/\/schema.org","@graph":[{"@type":"WebPage","@id":"https:\/\/www.tiqs.com.br\/contato\/","url":"https:\/\/www.tiqs.com.br\/contato\/","name":"Formul\u00e1rio de contato | Agende uma reuni\u00e3o - TIQS","isPartOf":{"@id":"https:\/\/www.tiqs.com.br\/#website"},"primaryImageOfPage":{"@id":"https:\/\/www.tiqs.com.br\/contato\/#primaryimage"},"image":{"@id":"https:\/\/www.tiqs.com.br\/contato\/#primaryimage"},"thumbnailUrl":"https:\/\/www.tiqs.com.br\/wp-content\/uploads\/2021\/05\/contato.png","datePublished":"2018-06-08T04:41:58+00:00","dateModified":"2023-12-28T16:21:28+00:00","description":"Entre em contato com a TIQS! Envie propostas, d\u00favidas, sugest\u00f5es de melhorias e mais! Ficaremos muito felizes em ajud\u00e1-lo. Clique aqui!","breadcrumb":{"@id":"https:\/\/www.tiqs.com.br\/contato\/#breadcrumb"},"inLanguage":"en-US","potentialAction":[{"@type":"ReadAction","target":["https:\/\/www.tiqs.com.br\/contato\/"]}]},{"@type":"ImageObject","inLanguage":"en-US","@id":"https:\/\/www.tiqs.com.br\/contato\/#primaryimage","url":"https:\/\/www.tiqs.com.br\/wp-content\/uploads\/2021\/05\/contato.png","contentUrl":"https:\/\/www.tiqs.com.br\/wp-content\/uploads\/2021\/05\/contato.png","width":1837,"height":1077},{"@type":"BreadcrumbList","@id":"https:\/\/www.tiqs.com.br\/contato\/#breadcrumb","itemListElement":[{"@type":"ListItem","position":1,"name":"In\u00edcio","item":"https:\/\/www.tiqs.com.br\/"},{"@type":"ListItem","position":2,"name":"Contato"}]},{"@type":"WebSite","@id":"https:\/\/www.tiqs.com.br\/#website","url":"https:\/\/www.tiqs.com.br\/","name":"TIQS | Ciberseguran\u00e7a - Solu\u00e7\u00f5es digitais","description":"Inova\u00e7\u00e3o \u00e9 o nosso DNA","publisher":{"@id":"https:\/\/www.tiqs.com.br\/#organization"},"potentialAction":[{"@type":"SearchAction","target":{"@type":"EntryPoint","urlTemplate":"https:\/\/www.tiqs.com.br\/?s={search_term_string}"},"query-input":{"@type":"PropertyValueSpecification","valueRequired":true,"valueName":"search_term_string"}}],"inLanguage":"en-US"},{"@type":"Organization","@id":"https:\/\/www.tiqs.com.br\/#organization","name":"TIQS Consultoria em TI","url":"https:\/\/www.tiqs.com.br\/","logo":{"@type":"ImageObject","inLanguage":"en-US","@id":"https:\/\/www.tiqs.com.br\/#\/schema\/logo\/image\/","url":"https:\/\/www.tiqs.com.br\/wp-content\/uploads\/2021\/05\/cropped-logo_tiqs-3.png","contentUrl":"https:\/\/www.tiqs.com.br\/wp-content\/uploads\/2021\/05\/cropped-logo_tiqs-3.png","width":112,"height":109,"caption":"TIQS Consultoria em TI"},"image":{"@id":"https:\/\/www.tiqs.com.br\/#\/schema\/logo\/image\/"},"sameAs":["https:\/\/www.facebook.com\/tiqsconsultoria\/","https:\/\/br.linkedin.com\/company\/tiqs-consultoria"]}]}},"_links":{"self":[{"href":"https:\/\/www.tiqs.com.br\/en\/wp-json\/wp\/v2\/pages\/7680"}],"collection":[{"href":"https:\/\/www.tiqs.com.br\/en\/wp-json\/wp\/v2\/pages"}],"about":[{"href":"https:\/\/www.tiqs.com.br\/en\/wp-json\/wp\/v2\/types\/page"}],"author":[{"embeddable":true,"href":"https:\/\/www.tiqs.com.br\/en\/wp-json\/wp\/v2\/users\/1"}],"replies":[{"embeddable":true,"href":"https:\/\/www.tiqs.com.br\/en\/wp-json\/wp\/v2\/comments?post=7680"}],"version-history":[{"count":0,"href":"https:\/\/www.tiqs.com.br\/en\/wp-json\/wp\/v2\/pages\/7680\/revisions"}],"wp:featuredmedia":[{"embeddable":true,"href":"https:\/\/www.tiqs.com.br\/en\/wp-json\/wp\/v2\/media\/8160"}],"wp:attachment":[{"href":"https:\/\/www.tiqs.com.br\/en\/wp-json\/wp\/v2\/media?parent=7680"}],"curies":[{"name":"wp","href":"https:\/\/api.w.org\/{rel}","templated":true}]}}